{"id":34,"date":"2015-10-25T15:22:58","date_gmt":"2015-10-25T13:22:58","guid":{"rendered":"http:\/\/agronomy.emu.ee\/uus\/?page_id=34"},"modified":"2026-03-31T14:32:21","modified_gmt":"2026-03-31T11:32:21","slug":"editorial","status":"publish","type":"page","link":"https:\/\/agronomy.emu.ee\/index.php\/editorial\/","title":{"rendered":"Editorial"},"content":{"rendered":"<p><strong>Published by:<\/strong><br \/>Estonian University of Life Sciences<br \/>Latvia University of Life Sciences and Technologies<br \/>Vytautas Magnus University Agriculture Academy<br \/>Lithuanian Research Centre for Agriculture and Forestry<\/p>\n<p><strong>EDITORIAL OFFICE<\/strong><\/p>\n<p><strong>Editor in Chief:<\/strong>\u00a0Prof. Timo Kikas (Estonian University of Life Sciences, Estonia)<\/p>\n<p><strong>Editors in Charge:<\/strong><br \/>Prof. Endla Reintam (Estonian University of Life Sciences, Estonia)<br \/>Prof. Biruta Bankina (Latvia University of Life Sciences and Technologies, Latvia)<br \/>Prof. Kestutis Romaneckas (Vytautas Magnus University, Lithuania)<\/p>\n<p><strong>Associate Editors:<\/strong><br \/>Prof. Lisandra Rocha-Meneses (Estonian University of Life Sciences, Estonia)<br \/>Prof. Eda Merisalu (Estonian University of Life Sciences, Estonia)<br \/>Assoc. Prof. Kaspars Kampuss (Latvia University of Life Sciences and Technologies, Latvia)<br \/>Prof. Algirdas Jasinskas\u00a0(Vytautas Magnus University Agriculture Academy, Lithuania)<br \/>Ass. Prof. Sabarathinam Shanmugam (Estonian University of Life Sciences, Estonia)<br \/>Assoc. Prof. Ruslans \u0160migins (Latvia University of Life Sciences and Technologies, Latvia)<br \/>Ass. Prof. Marten Madissoo (Estonian University of Life Sciences, Estonia)<br \/>Assoc. Prof. Zita Kriau\u010di\u016bnien\u0117 (Vytautas Magnus University Agriculture Academy, Lithuania)<br \/>Prof. Evelin Loit (Estonian University of Life Sciences, Estonia)<br \/>Assoc. Prof. Daina Jonkus (Latvia University of Life Sciences and Technologies, Latvia)<br \/>Prof. Astrida Miceikien\u0117 (Vytautas Magnus University Agriculture Academy, Lithuania)<br \/>Prof. V.P. Chandramohan (National Institute of Technology, Warangal, India)<br \/>Ass. Prof. Abrar Inayat (University of Sharjah, UAE)<br \/>Dr. Marcos Francos (Universidad de Salamanca, Spain)<br \/>Dr. Noreen Zahra (University of Agriculture Faisalabad, Pakistan)<br \/>Assoc. Prof. Rashid S. Al-Hajri (Oman)<\/p>\n<p><strong>Assistant Editors: <br \/><\/strong>Dr. Banafsheh Khalegh Doust (Estonia)<br \/>Mr. Ahmed Aboulmagd (Estonia)<br \/>Dr. Luca Regni (Italy)<br \/>Dr. M\u00e4rt Reinvee (Estonia)<br \/>Dr. Mahmoud Okasha (Egypt)<br \/>Dr. Sagar Dnyaneshwar Shelare (India)<br \/>Ms. Olayemi Ojeokun (United States)<\/p>\n<p><strong style=\"font-size: revert; color: initial; font-family: -apple-system, BlinkMacSystemFont, 'Segoe UI', Roboto, Oxygen-Sans, Ubuntu, Cantarell, 'Helvetica Neue', sans-serif;\">Technical<\/strong><strong style=\"font-size: revert; color: initial; font-family: -apple-system, BlinkMacSystemFont, 'Segoe UI', Roboto, Oxygen-Sans, Ubuntu, Cantarell, 'Helvetica Neue', sans-serif;\">\u00a0Editor:<\/strong><span style=\"font-size: revert; color: initial; font-family: -apple-system, BlinkMacSystemFont, 'Segoe UI', Roboto, Oxygen-Sans, Ubuntu, Cantarell, 'Helvetica Neue', sans-serif;\"> Mrs. Valentina Prigo\u017eeva (Estonia)<\/span><\/p>\n<p><strong>Linquistic<\/strong><strong> Editing: <\/strong>Translation agency Aabwell (Aabwell t\u00f5lkeb\u00fcroo)<\/p>\n<p><strong>EDITORIAL BOARD<\/strong><br \/><strong>Prof. Emer. Jukka<\/strong><strong> Ahokas<\/strong> (Department of Agricultural Sciences, University of Helsinki, Finland)<br \/><strong>Prof. Illimar Altosaar<\/strong> (Agricultural Biotechnology Laboratories, University of Ottawa, Canada)<br \/><strong>Prof. Biruta<\/strong><strong> Bankina<\/strong> (Institute of Soil and Plant Science, Latvia University of Life Sciences and Technologies, Latvia)<br \/><strong>Prof. Charles J. Banks<\/strong> (Department of Biotechnology, University of Southampton, United Kingdom)<br \/><strong>Prof. Au\u0161ra<\/strong><strong> Blinstrubien\u0117<\/strong> (Department of Agronomy, Vytautas Magnus University Agriculture Academy, Lithuania)<br \/><strong>Prof. Dagnija<\/strong><strong> Blumberga<\/strong> (Faculty of Power and Electrical Engineering, Riga Technical University, Latvia)<br \/><strong>Prof. Volodymyr Bulgakov<\/strong> (National University of Life and Environmental Sciences of Ukraine, Ukraine)<br \/><strong>Prof. Michel Eppink<\/strong> (Department of Bioprocess Engineering, Wageningen University, Netherlands)<br \/><strong>Dr. Jorge A. Ferreira<\/strong> (Department of Resource Recovery and Building Technology, University of Bor\u00e5s, Sweden)<br \/><strong>Prof. Mikael Forsman<\/strong> (Department of Biomedical Engineering and Health Systems, KTH Royal Institute of Technology, Sweden)<br \/><strong>Prof. Marek Gaworski<\/strong> (Department of Production Organization and Engineering, Warsaw University of Life Sciences, Poland)<br \/><strong>Prof. Emer. Richard J. Godwin<\/strong> (Department of Engineering, Harper Adams University, United Kingdom)<br \/><strong>Prof. Pekka Huhtanen<\/strong> (Department of Agricultural Research for Northern Sweden, Swedish University of Agricultural Sciences, Sweden)<br \/><strong>Prof. Mari Ivask<\/strong> (Institute of Sustainable Technology, Tallinn University of Technology, Estonia)<br \/><strong>Prof. Marcis Jansons<\/strong> (Mechanical Engineering Department, Wayne State University, USA)<br \/><strong>Prof. Alexander J\u00e4ger <\/strong>(University of Applied Sciences Upper Austria, Austria)<br \/><strong>Dr. Kadri J\u00e4rve<\/strong> (Department of Gene Technology, Tallinn University of Technology, Estonia)<br \/><strong>Prof. Martin Heide J\u00f8rgensen<\/strong> (School of Engineering, Aarhus University, Denmark)<br \/><strong>Dr. \u017dydr\u0117 Kad\u017eiulien\u0117<\/strong> (Lithuanian Research Centre for Agriculture and Forestry, Lithuania)<br \/><strong>Prof. Anna-Karin Borg Karlson<\/strong> (Ecological Chemistry Group, Royal Institute of Technology, Sweden)<br \/><strong>Prof. Pavel Kic<\/strong> (Faculty of Engineering, Czech University of Life Sciences Prague, Czech Republic)<br \/><strong>Dr. Inger<\/strong><strong> Martinussen<\/strong> (Division of Food Production and Society, Norwegian Institute of Bioeconomy Research, Norway)<br \/><strong>Prof. J\u00fcri Olt<\/strong> (Institute of Technology, Estonian University of Life Sciences, Estonia)<br \/><strong>Prof. Isaak<\/strong><strong> Rashal<\/strong> (Plant Genetic Laboratory, University of Latvia, Latvia)<br \/><strong>Prof. Martin Romantschuk<\/strong> (Department of Environmental Sciences, University of Helsinki, Finland)<br \/><strong>Prof. Lech<\/strong><strong> Szajdak<\/strong> (Research Centre of Agricultural and Forest Environment, Polish Academy of Sciences, Poland)<br \/><strong>Dr. Martin Tun\u00e9r<\/strong> (Department of Energy Sciences, Lund University, Sweden)<br \/><strong>Prof. Josef<\/strong><strong> Viglasky<\/strong> (Technical University in Zvolen, Slovak Centre of Biomass Use for Energy, Slovakia)<br \/><strong>Dr. Ingrid Williams<\/strong> (Department of\u00a0Entomology and Nematology, Rothamsted Research, United Kingdom)<\/p>\n<p><strong>Editorial<\/strong><strong> Office:<\/strong><br \/>Estonian University of Life Sciences<br \/>56 Kreutzwaldi St., 51006 Tartu, ESTONIA<br \/>Phone: (+372) 5302 3636, 7313 315<br \/>E-mail: agronomy.research(at)emu.ee<\/p>\n<p>Printed in P\u00f5ltsamaa, Estonia by Vali Press<\/p>\n<p><strong>ISSN 1406-894X<\/strong><\/p>\n\n","protected":false},"excerpt":{"rendered":"<p>Published by:Estonian University of Life SciencesLatvia University of Life Sciences and TechnologiesVytautas Magnus University Agriculture AcademyLithuanian Research Centre for Agriculture and Forestry EDITORIAL OFFICE Editor in Chief:\u00a0Prof. Timo Kikas (Estonian University of Life Sciences, Estonia) Editors in Charge:Prof. Endla Reintam (Estonian University of Life Sciences, Estonia)Prof. Biruta Bankina (Latvia University of Life Sciences and Technologies, &hellip; <a href=\"https:\/\/agronomy.emu.ee\/index.php\/editorial\/\" class=\"more-link\">Continue reading <span class=\"screen-reader-text\">Editorial<\/span> <span class=\"meta-nav\">&rarr;<\/span><\/a><\/p>\n","protected":false},"author":1,"featured_media":0,"parent":0,"menu_order":0,"comment_status":"closed","ping_status":"closed","template":"","meta":{"footnotes":""},"class_list":["post-34","page","type-page","status-publish","hentry"],"_links":{"self":[{"href":"https:\/\/agronomy.emu.ee\/index.php\/wp-json\/wp\/v2\/pages\/34","targetHints":{"allow":["GET"]}}],"collection":[{"href":"https:\/\/agronomy.emu.ee\/index.php\/wp-json\/wp\/v2\/pages"}],"about":[{"href":"https:\/\/agronomy.emu.ee\/index.php\/wp-json\/wp\/v2\/types\/page"}],"author":[{"embeddable":true,"href":"https:\/\/agronomy.emu.ee\/index.php\/wp-json\/wp\/v2\/users\/1"}],"replies":[{"embeddable":true,"href":"https:\/\/agronomy.emu.ee\/index.php\/wp-json\/wp\/v2\/comments?post=34"}],"version-history":[{"count":77,"href":"https:\/\/agronomy.emu.ee\/index.php\/wp-json\/wp\/v2\/pages\/34\/revisions"}],"predecessor-version":[{"id":11226,"href":"https:\/\/agronomy.emu.ee\/index.php\/wp-json\/wp\/v2\/pages\/34\/revisions\/11226"}],"wp:attachment":[{"href":"https:\/\/agronomy.emu.ee\/index.php\/wp-json\/wp\/v2\/media?parent=34"}],"curies":[{"name":"wp","href":"https:\/\/api.w.org\/{rel}","templated":true}]}}